{"id":202,"date":"2024-11-10T22:37:27","date_gmt":"2024-11-10T22:37:27","guid":{"rendered":"https:\/\/akosgombkoto.info\/?page_id=202"},"modified":"2025-02-05T09:29:18","modified_gmt":"2025-02-05T09:29:18","slug":"power-bi-report","status":"publish","type":"page","link":"https:\/\/akosgombkoto.info\/en\/power-bi-report\/","title":{"rendered":"PowerBI report(folyamatban)"},"content":{"rendered":"<p>[et_pb_section fb_built=&#8221;1&#8243; admin_label=&#8221;Header&#8221; _builder_version=&#8221;4.27.3&#8243; _module_preset=&#8221;default&#8221; custom_padding=&#8221;0px||0px||false|false&#8221; global_colors_info=&#8221;{}&#8221;][et_pb_row column_structure=&#8221;1_2,1_2&#8243; _builder_version=&#8221;4.16&#8243; _module_preset=&#8221;default&#8221; custom_padding=&#8221;0px|||||&#8221; global_colors_info=&#8221;{}&#8221;][et_pb_column type=&#8221;1_2&#8243; _builder_version=&#8221;4.16&#8243; _module_preset=&#8221;default&#8221; global_colors_info=&#8221;{}&#8221;][et_pb_image src=&#8221;https:\/\/akosgombkoto.info\/wp-content\/uploads\/2025\/01\/data-science-070-2.png&#8221; title_text=&#8221;data-science-070-2&#8243; _builder_version=&#8221;4.27.4&#8243; _module_preset=&#8221;default&#8221; max_width_tablet=&#8221;500px&#8221; max_width_phone=&#8221;220px&#8221; max_width_last_edited=&#8221;off|tablet&#8221; max_height_tablet=&#8221;200px&#8221; max_height_phone=&#8221;100px&#8221; max_height_last_edited=&#8221;on|phone&#8221; custom_margin=&#8221;|||-8vw|false|false&#8221; custom_margin_tablet=&#8221;|||0vw|false|false&#8221; custom_margin_phone=&#8221;&#8221; custom_margin_last_edited=&#8221;on|tablet&#8221; global_colors_info=&#8221;{}&#8221;][\/et_pb_image][\/et_pb_column][et_pb_column type=&#8221;1_2&#8243; _builder_version=&#8221;4.16&#8243; _module_preset=&#8221;default&#8221; custom_padding=&#8221;120px||||false|false&#8221; custom_padding_tablet=&#8221;0px||||false|false&#8221; custom_padding_phone=&#8221;&#8221; custom_padding_last_edited=&#8221;on|tablet&#8221; global_colors_info=&#8221;{}&#8221;][et_pb_text _builder_version=&#8221;4.27.3&#8243; _module_preset=&#8221;d72c0383-6487-4f2c-ac5c-7d48a6376757&#8243; header_font=&#8221;Roboto Slab||||||||&#8221; header_text_color=&#8221;#000000&#8243; header_font_size=&#8221;52px&#8221; header_line_height=&#8221;1.2em&#8221; custom_margin=&#8221;||10px||false|false&#8221; header_font_size_tablet=&#8221;40px&#8221; header_font_size_phone=&#8221;20px&#8221; header_font_size_last_edited=&#8221;on|phone&#8221; locked=&#8221;off&#8221; global_colors_info=&#8221;{}&#8221;]<\/p>\n<h1>Power BI Report<\/h1>\n<p>[\/et_pb_text][et_pb_image src=&#8221;https:\/\/akosgombkoto.info\/wp-content\/uploads\/2024\/11\/10_3_VanArsdel_Kepernyokep-2024-11-10-205511.png&#8221; title_text=&#8221;10_3_VanArsdel_K\u00e9perny\u0151k\u00e9p 2024-11-10 205511&#8243; show_in_lightbox=&#8221;on&#8221; _builder_version=&#8221;4.27.3&#8243; _module_preset=&#8221;default&#8221; global_colors_info=&#8221;{}&#8221;][\/et_pb_image][\/et_pb_column][\/et_pb_row][\/et_pb_section][et_pb_section fb_built=&#8221;1&#8243; admin_label=&#8221;Blog&#8221; _builder_version=&#8221;4.16&#8243; _module_preset=&#8221;default&#8221; global_colors_info=&#8221;{}&#8221;][et_pb_row _builder_version=&#8221;4.16&#8243; _module_preset=&#8221;default&#8221; global_colors_info=&#8221;{}&#8221;][et_pb_column type=&#8221;4_4&#8243; _builder_version=&#8221;4.16&#8243; _module_preset=&#8221;default&#8221; global_colors_info=&#8221;{}&#8221;][et_pb_text _builder_version=&#8221;4.27.4&#8243; _module_preset=&#8221;default&#8221; text_font=&#8221;Roboto Mono||||||||&#8221; text_text_color=&#8221;#fcb03a&#8221; text_font_size=&#8221;18px&#8221; text_line_height=&#8221;1.8em&#8221; background_color=&#8221;#042f4f&#8221; custom_padding=&#8221;15px||15px|20px|true|false&#8221; global_colors_info=&#8221;{}&#8221;]<\/p>\n<p><span>VanArsdel is a sample database from Microsoft, designed for free Power BI report-building practice. VanArsdel is a fictional apparel manufacturing company with four locations across two continents. The report provides an analysis of the international sales data of the company's imaginary products.<\/span><\/p>\n<p>[\/et_pb_text][et_pb_gallery gallery_ids=&#8221;199,200,198&#8243; show_title_and_caption=&#8221;off&#8221; show_pagination=&#8221;off&#8221; _builder_version=&#8221;4.27.4&#8243; _module_preset=&#8221;default&#8221; hover_enabled=&#8221;0&#8243; global_colors_info=&#8221;{}&#8221; sticky_enabled=&#8221;0&#8243;][\/et_pb_gallery][\/et_pb_column][\/et_pb_row][\/et_pb_section]<\/p>","protected":false},"excerpt":{"rendered":"<p>Power BI riportA VanArsdel a Microsoft egy mintaadatb\u00e1zisa szabad Power BI riportk\u00e9sz\u00edt\u00e9s gyakorl\u00e1shoz. A VanArsdel egy k\u00e9pzeletbeli ruhaipari gy\u00e1rt\u00f3c\u00e9g k\u00e9t kontinensen 4 telephellyel. A riport a k\u00e9pzeletbeli c\u00e9g term\u00e9keinek nemzetk\u00f6zi elad\u00e1si adataib\u00f3l k\u00e9sz\u00edt egy kimutat\u00e1st.<\/p>","protected":false},"author":1,"featured_media":0,"parent":0,"menu_order":0,"comment_status":"closed","ping_status":"closed","template":"","meta":{"_et_pb_use_builder":"on","_et_pb_old_content":"","_et_gb_content_width":"","footnotes":""},"class_list":["post-202","page","type-page","status-publish","hentry"],"_links":{"self":[{"href":"https:\/\/akosgombkoto.info\/en\/wp-json\/wp\/v2\/pages\/202","targetHints":{"allow":["GET"]}}],"collection":[{"href":"https:\/\/akosgombkoto.info\/en\/wp-json\/wp\/v2\/pages"}],"about":[{"href":"https:\/\/akosgombkoto.info\/en\/wp-json\/wp\/v2\/types\/page"}],"author":[{"embeddable":true,"href":"https:\/\/akosgombkoto.info\/en\/wp-json\/wp\/v2\/users\/1"}],"replies":[{"embeddable":true,"href":"https:\/\/akosgombkoto.info\/en\/wp-json\/wp\/v2\/comments?post=202"}],"version-history":[{"count":11,"href":"https:\/\/akosgombkoto.info\/en\/wp-json\/wp\/v2\/pages\/202\/revisions"}],"predecessor-version":[{"id":772,"href":"https:\/\/akosgombkoto.info\/en\/wp-json\/wp\/v2\/pages\/202\/revisions\/772"}],"wp:attachment":[{"href":"https:\/\/akosgombkoto.info\/en\/wp-json\/wp\/v2\/media?parent=202"}],"curies":[{"name":"wp","href":"https:\/\/api.w.org\/{rel}","templated":true}]}}